{"id":23,"date":"2023-07-19T08:50:29","date_gmt":"2023-07-19T08:50:29","guid":{"rendered":"https:\/\/argonavis.ch\/?page_id=23"},"modified":"2023-08-23T10:58:05","modified_gmt":"2023-08-23T10:58:05","slug":"dienstleistung","status":"publish","type":"page","link":"https:\/\/argonavis.ch\/?page_id=23","title":{"rendered":"Dienstleistung"},"content":{"rendered":"\n<div style=\"height:100px\" aria-hidden=\"true\" class=\"wp-block-spacer\"><\/div>\n\n\n\n<h2 class=\"wp-block-heading\">Dienstleistung<\/h2>\n\n\n\n<p class=\"has-text-align-left\">Ich sehe meine Beratert\u00e4tigkeit vor allem in den Bereichen positions- und wiederholgenaues Spannen von Kleinteilen jeglicher Art. Dies besonders unter Anwendung der Draht- und Senkerosion in Kombination mit spanabhebenden Bearbeitungen. <\/p>\n\n\n\n<p class=\"has-text-align-left\">Zweckm\u00e4ssige Operationsfolgen k\u00f6nnen die Machbarkeit und nat\u00fcrlich die preisliche Effizienz erheblich beeinflussen. <\/p>\n\n\n\n<p class=\"has-text-align-left\">Als Querdenker zwischen den einzelnen Fertigungsmethoden finde ich sozusagen immer eine L\u00f6sung. In der heutigen Zeit, in der die Fertigung von Kleinteilen eine immer gr\u00f6\u00dfere Rolle spielt, ist es wichtig, dass die Spanntechnik perfekt ist. Eine exakte Positionierung ist unerl\u00e4sslich, um eine pr\u00e4zise Bearbeitung zu erm\u00f6glichen. <\/p>\n\n\n\n<p class=\"has-text-align-left\">Meine Erfahrung im Bereich der Draht- und Senkerosion hat mir gezeigt, dass eine Kombination mit spanabhebenden Bearbeitungen oft die beste Wahl ist. So kann man die Vorteile beider Verfahren nutzen und erh\u00e4lt ein perfektes Ergebnis. <\/p>\n\n\n\n<p class=\"has-text-align-left\">Als Berater habe ich schon viele Projekte begleitet und immer wieder L\u00f6sungen gefunden, die nicht auf den ersten Blick offensichtlich waren. Das ist es, was mich antreibt: Die Herausforderung, immer wieder neue Wege zu finden und das beste Ergebnis zu erzielen. Ich denke, dass es in der heutigen Zeit besonders wichtig ist, die Fertigung so effizient wie m\u00f6glich zu gestalten. Das betrifft nicht nur die Kosten, sondern auch den Umweltschutz. <\/p>\n\n\n\n<p class=\"has-text-align-left\">Durch eine optimierte Fertigung k\u00f6nnen wir Ressourcen sparen und die Umwelt schonen. Wenn Sie also auf der Suche nach einer L\u00f6sung f\u00fcr Ihre Fertigungsprobleme sind, z\u00f6gern Sie nicht, mich zu kontaktieren. Ich stehe Ihnen gerne mit Rat und Tat zur Seite.<\/p>\n\n\n\n<div style=\"height:100px\" aria-hidden=\"true\" class=\"wp-block-spacer\"><\/div>\n\n\n\n<figure class=\"wp-block-embed is-type-video is-provider-youtube wp-block-embed-youtube wp-embed-aspect-4-3 wp-has-aspect-ratio\"><div class=\"wp-block-embed__wrapper\">\n<div class=\"ast-oembed-container\" style=\"height: 100%;\"><iframe loading=\"lazy\" title=\"Drahterosion - Gummiform mit Noppen\" width=\"500\" height=\"375\" src=\"https:\/\/www.youtube.com\/embed\/DTimWYC3L1M?feature=oembed\" frameborder=\"0\" allow=\"accelerometer; autoplay; clipboard-write; encrypted-media; gyroscope; picture-in-picture; web-share\" referrerpolicy=\"strict-origin-when-cross-origin\" allowfullscreen><\/iframe><\/div>\n<\/div><\/figure>\n\n\n\n<div style=\"height:100px\" aria-hidden=\"true\" class=\"wp-block-spacer\"><\/div>\n","protected":false},"excerpt":{"rendered":"<p>Dienstleistung Ich sehe meine Beratert\u00e4tigkeit vor allem in den Bereichen positions- und wiederholgenaues Spannen von Kleinteilen jeglicher Art. Dies besonders unter Anwendung der Draht- und Senkerosion in Kombination mit spanabhebenden Bearbeitungen. Zweckm\u00e4ssige Operationsfolgen k\u00f6nnen die Machbarkeit und nat\u00fcrlich die preisliche Effizienz erheblich beeinflussen. Als Querdenker zwischen den einzelnen Fertigungsmethoden finde ich sozusagen immer eine L\u00f6sung. &hellip;<\/p>\n<p class=\"read-more\"> <a class=\"\" href=\"https:\/\/argonavis.ch\/?page_id=23\"> <span class=\"screen-reader-text\">Dienstleistung<\/span> Weiterlesen &raquo;<\/a><\/p>\n","protected":false},"author":1,"featured_media":0,"parent":0,"menu_order":0,"comment_status":"closed","ping_status":"open","template":"","meta":{"site-sidebar-layout":"default","site-content-layout":"default","ast-global-header-display":"","ast-banner-title-visibility":"","ast-main-header-display":"","ast-hfb-above-header-display":"","ast-hfb-below-header-display":"","ast-hfb-mobile-header-display":"","site-post-title":"disabled","ast-breadcrumbs-content":"","ast-featured-img":"","footer-sml-layout":"","theme-transparent-header-meta":"","adv-header-id-meta":"","stick-header-meta":"","header-above-stick-meta":"","header-main-stick-meta":"","header-below-stick-meta":"","footnotes":""},"class_list":["post-23","page","type-page","status-publish","hentry"],"yoast_head":"<!-- This site is optimized with the Yoast SEO plugin v20.11 - https:\/\/yoast.com\/wordpress\/plugins\/seo\/ -->\n<title>Dienstleistung -<\/title>\n<meta name=\"robots\" content=\"index, follow, max-snippet:-1, max-image-preview:large, max-video-preview:-1\" \/>\n<link rel=\"canonical\" href=\"https:\/\/argonavis.ch\/?page_id=23\" \/>\n<meta property=\"og:locale\" content=\"de_DE\" \/>\n<meta property=\"og:type\" content=\"article\" \/>\n<meta property=\"og:title\" content=\"Dienstleistung -\" \/>\n<meta property=\"og:description\" content=\"Dienstleistung Ich sehe meine Beratert\u00e4tigkeit vor allem in den Bereichen positions- und wiederholgenaues Spannen von Kleinteilen jeglicher Art. Dies besonders unter Anwendung der Draht- und Senkerosion in Kombination mit spanabhebenden Bearbeitungen. Zweckm\u00e4ssige Operationsfolgen k\u00f6nnen die Machbarkeit und nat\u00fcrlich die preisliche Effizienz erheblich beeinflussen. Als Querdenker zwischen den einzelnen Fertigungsmethoden finde ich sozusagen immer eine L\u00f6sung. &hellip; Dienstleistung Weiterlesen &raquo;\" \/>\n<meta property=\"og:url\" content=\"https:\/\/argonavis.ch\/?page_id=23\" \/>\n<meta property=\"article:modified_time\" content=\"2023-08-23T10:58:05+00:00\" \/>\n<meta property=\"og:image\" content=\"https:\/\/argonavis.ch\/wp-content\/uploads\/2023\/07\/Logo_ARGONAVIS.png\" \/>\n\t<meta property=\"og:image:width\" content=\"1078\" \/>\n\t<meta property=\"og:image:height\" content=\"575\" \/>\n\t<meta property=\"og:image:type\" content=\"image\/png\" \/>\n<meta name=\"twitter:card\" content=\"summary_large_image\" \/>\n<meta name=\"twitter:label1\" content=\"Gesch\u00e4tzte Lesezeit\" \/>\n\t<meta name=\"twitter:data1\" content=\"2\u00a0Minuten\" \/>\n<script type=\"application\/ld+json\" class=\"yoast-schema-graph\">{\"@context\":\"https:\/\/schema.org\",\"@graph\":[{\"@type\":\"WebPage\",\"@id\":\"https:\/\/argonavis.ch\/?page_id=23\",\"url\":\"https:\/\/argonavis.ch\/?page_id=23\",\"name\":\"Dienstleistung -\",\"isPartOf\":{\"@id\":\"https:\/\/argonavis.ch\/#website\"},\"datePublished\":\"2023-07-19T08:50:29+00:00\",\"dateModified\":\"2023-08-23T10:58:05+00:00\",\"breadcrumb\":{\"@id\":\"https:\/\/argonavis.ch\/?page_id=23#breadcrumb\"},\"inLanguage\":\"de-CH\",\"potentialAction\":[{\"@type\":\"ReadAction\",\"target\":[\"https:\/\/argonavis.ch\/?page_id=23\"]}]},{\"@type\":\"BreadcrumbList\",\"@id\":\"https:\/\/argonavis.ch\/?page_id=23#breadcrumb\",\"itemListElement\":[{\"@type\":\"ListItem\",\"position\":1,\"name\":\"Startseite\",\"item\":\"https:\/\/argonavis.ch\/\"},{\"@type\":\"ListItem\",\"position\":2,\"name\":\"Dienstleistung\"}]},{\"@type\":\"WebSite\",\"@id\":\"https:\/\/argonavis.ch\/#website\",\"url\":\"https:\/\/argonavis.ch\/\",\"name\":\"argonavis.ch\",\"description\":\"L\u00f6sungen f\u00fcr die Fertigung Spanntechnik Drahterosion Senkerosion Beratung Effizienz Umweltschutz Ressourcenschonung\",\"publisher\":{\"@id\":\"https:\/\/argonavis.ch\/#organization\"},\"potentialAction\":[{\"@type\":\"SearchAction\",\"target\":{\"@type\":\"EntryPoint\",\"urlTemplate\":\"https:\/\/argonavis.ch\/?s={search_term_string}\"},\"query-input\":\"required name=search_term_string\"}],\"inLanguage\":\"de-CH\"},{\"@type\":\"Organization\",\"@id\":\"https:\/\/argonavis.ch\/#organization\",\"name\":\"ARGONAVIS - Fertigung Spanntechnik Drahterosion Senkerosion Beratung Effizienz Umweltschutz Ressourcenschonung\",\"url\":\"https:\/\/argonavis.ch\/\",\"logo\":{\"@type\":\"ImageObject\",\"inLanguage\":\"de-CH\",\"@id\":\"https:\/\/argonavis.ch\/#\/schema\/logo\/image\/\",\"url\":\"https:\/\/argonavis.ch\/wp-content\/uploads\/2023\/07\/Logo_ARGONAVIS.png\",\"contentUrl\":\"https:\/\/argonavis.ch\/wp-content\/uploads\/2023\/07\/Logo_ARGONAVIS.png\",\"width\":1078,\"height\":575,\"caption\":\"ARGONAVIS - Fertigung Spanntechnik Drahterosion Senkerosion Beratung Effizienz Umweltschutz Ressourcenschonung\"},\"image\":{\"@id\":\"https:\/\/argonavis.ch\/#\/schema\/logo\/image\/\"}}]}<\/script>\n<!-- \/ Yoast SEO plugin. -->","yoast_head_json":{"title":"Dienstleistung -","robots":{"index":"index","follow":"follow","max-snippet":"max-snippet:-1","max-image-preview":"max-image-preview:large","max-video-preview":"max-video-preview:-1"},"canonical":"https:\/\/argonavis.ch\/?page_id=23","og_locale":"de_DE","og_type":"article","og_title":"Dienstleistung -","og_description":"Dienstleistung Ich sehe meine Beratert\u00e4tigkeit vor allem in den Bereichen positions- und wiederholgenaues Spannen von Kleinteilen jeglicher Art. Dies besonders unter Anwendung der Draht- und Senkerosion in Kombination mit spanabhebenden Bearbeitungen. Zweckm\u00e4ssige Operationsfolgen k\u00f6nnen die Machbarkeit und nat\u00fcrlich die preisliche Effizienz erheblich beeinflussen. Als Querdenker zwischen den einzelnen Fertigungsmethoden finde ich sozusagen immer eine L\u00f6sung. &hellip; Dienstleistung Weiterlesen &raquo;","og_url":"https:\/\/argonavis.ch\/?page_id=23","article_modified_time":"2023-08-23T10:58:05+00:00","og_image":[{"width":1078,"height":575,"url":"https:\/\/argonavis.ch\/wp-content\/uploads\/2023\/07\/Logo_ARGONAVIS.png","type":"image\/png"}],"twitter_card":"summary_large_image","twitter_misc":{"Gesch\u00e4tzte Lesezeit":"2\u00a0Minuten"},"schema":{"@context":"https:\/\/schema.org","@graph":[{"@type":"WebPage","@id":"https:\/\/argonavis.ch\/?page_id=23","url":"https:\/\/argonavis.ch\/?page_id=23","name":"Dienstleistung -","isPartOf":{"@id":"https:\/\/argonavis.ch\/#website"},"datePublished":"2023-07-19T08:50:29+00:00","dateModified":"2023-08-23T10:58:05+00:00","breadcrumb":{"@id":"https:\/\/argonavis.ch\/?page_id=23#breadcrumb"},"inLanguage":"de-CH","potentialAction":[{"@type":"ReadAction","target":["https:\/\/argonavis.ch\/?page_id=23"]}]},{"@type":"BreadcrumbList","@id":"https:\/\/argonavis.ch\/?page_id=23#breadcrumb","itemListElement":[{"@type":"ListItem","position":1,"name":"Startseite","item":"https:\/\/argonavis.ch\/"},{"@type":"ListItem","position":2,"name":"Dienstleistung"}]},{"@type":"WebSite","@id":"https:\/\/argonavis.ch\/#website","url":"https:\/\/argonavis.ch\/","name":"argonavis.ch","description":"L\u00f6sungen f\u00fcr die Fertigung Spanntechnik Drahterosion Senkerosion Beratung Effizienz Umweltschutz Ressourcenschonung","publisher":{"@id":"https:\/\/argonavis.ch\/#organization"},"potentialAction":[{"@type":"SearchAction","target":{"@type":"EntryPoint","urlTemplate":"https:\/\/argonavis.ch\/?s={search_term_string}"},"query-input":"required name=search_term_string"}],"inLanguage":"de-CH"},{"@type":"Organization","@id":"https:\/\/argonavis.ch\/#organization","name":"ARGONAVIS - Fertigung Spanntechnik Drahterosion Senkerosion Beratung Effizienz Umweltschutz Ressourcenschonung","url":"https:\/\/argonavis.ch\/","logo":{"@type":"ImageObject","inLanguage":"de-CH","@id":"https:\/\/argonavis.ch\/#\/schema\/logo\/image\/","url":"https:\/\/argonavis.ch\/wp-content\/uploads\/2023\/07\/Logo_ARGONAVIS.png","contentUrl":"https:\/\/argonavis.ch\/wp-content\/uploads\/2023\/07\/Logo_ARGONAVIS.png","width":1078,"height":575,"caption":"ARGONAVIS - Fertigung Spanntechnik Drahterosion Senkerosion Beratung Effizienz Umweltschutz Ressourcenschonung"},"image":{"@id":"https:\/\/argonavis.ch\/#\/schema\/logo\/image\/"}}]}},"_links":{"self":[{"href":"https:\/\/argonavis.ch\/index.php?rest_route=\/wp\/v2\/pages\/23","targetHints":{"allow":["GET"]}}],"collection":[{"href":"https:\/\/argonavis.ch\/index.php?rest_route=\/wp\/v2\/pages"}],"about":[{"href":"https:\/\/argonavis.ch\/index.php?rest_route=\/wp\/v2\/types\/page"}],"author":[{"embeddable":true,"href":"https:\/\/argonavis.ch\/index.php?rest_route=\/wp\/v2\/users\/1"}],"replies":[{"embeddable":true,"href":"https:\/\/argonavis.ch\/index.php?rest_route=%2Fwp%2Fv2%2Fcomments&post=23"}],"version-history":[{"count":5,"href":"https:\/\/argonavis.ch\/index.php?rest_route=\/wp\/v2\/pages\/23\/revisions"}],"predecessor-version":[{"id":89,"href":"https:\/\/argonavis.ch\/index.php?rest_route=\/wp\/v2\/pages\/23\/revisions\/89"}],"wp:attachment":[{"href":"https:\/\/argonavis.ch\/index.php?rest_route=%2Fwp%2Fv2%2Fmedia&parent=23"}],"curies":[{"name":"wp","href":"https:\/\/api.w.org\/{rel}","templated":true}]}}